{"id":27,"date":"2023-01-31T12:26:51","date_gmt":"2023-01-31T12:26:51","guid":{"rendered":"https:\/\/vintageinconcert.de\/?page_id=27"},"modified":"2023-09-11T14:50:26","modified_gmt":"2023-09-11T14:50:26","slug":"shows","status":"publish","type":"page","link":"https:\/\/vintageinconcert.de\/?page_id=27","title":{"rendered":"Shows"},"content":{"rendered":"\t\t<div data-elementor-type=\"wp-page\" data-elementor-id=\"27\" class=\"elementor elementor-27\">\n\t\t\t\t\t\t<section class=\"elementor-section elementor-top-section elementor-element elementor-element-f28f150 elementor-section-boxed elementor-section-height-default elementor-section-height-default\" data-id=\"f28f150\" data-element_type=\"section\">\n\t\t\t\t\t\t<div class=\"elementor-container elementor-column-gap-default\">\n\t\t\t\t\t<div class=\"elementor-column elementor-col-50 elementor-top-column elementor-element elementor-element-2fe6af4\" data-id=\"2fe6af4\" data-element_type=\"column\">\n\t\t\t<div class=\"elementor-widget-wrap elementor-element-populated\">\n\t\t\t\t\t\t<section class=\"elementor-section elementor-inner-section elementor-element elementor-element-759fb8e elementor-section-boxed elementor-section-height-default elementor-section-height-default\" data-id=\"759fb8e\" data-element_type=\"section\">\n\t\t\t\t\t\t<div class=\"elementor-container elementor-column-gap-default\">\n\t\t\t\t\t<div class=\"elementor-column elementor-col-100 elementor-inner-column elementor-element elementor-element-ef10fb7\" data-id=\"ef10fb7\" data-element_type=\"column\">\n\t\t\t<div class=\"elementor-widget-wrap elementor-element-populated\">\n\t\t\t\t\t\t<div class=\"elementor-element elementor-element-fb7a648 elementor-widget elementor-widget-text-editor\" data-id=\"fb7a648\" data-element_type=\"widget\" data-widget_type=\"text-editor.default\">\n\t\t\t\t<div class=\"elementor-widget-container\">\n\t\t\t<style>\/*! elementor - v3.23.0 - 05-08-2024 *\/\n.elementor-widget-text-editor.elementor-drop-cap-view-stacked .elementor-drop-cap{background-color:#69727d;color:#fff}.elementor-widget-text-editor.elementor-drop-cap-view-framed .elementor-drop-cap{color:#69727d;border:3px solid;background-color:transparent}.elementor-widget-text-editor:not(.elementor-drop-cap-view-default) .elementor-drop-cap{margin-top:8px}.elementor-widget-text-editor:not(.elementor-drop-cap-view-default) .elementor-drop-cap-letter{width:1em;height:1em}.elementor-widget-text-editor .elementor-drop-cap{float:left;text-align:center;line-height:1;font-size:50px}.elementor-widget-text-editor .elementor-drop-cap-letter{display:inline-block}<\/style>\t\t\t\t<p>Wie ihr direkt zu anfangs merken konntet haben wir viel zu bieten!<\/p>\n<p>Von Solisten f\u00fcr alle Bereiche, bishin zum Musical bleiben keine W\u00fcnsche unerf\u00fcllt. F\u00fcr Buchungsanfragen oder Angebote kontaktiert mich ganz einfach \u00fcber das Kontakformular. Schaut euch gern in Ruhe um&#8230;<\/p>\t\t\t\t\t\t<\/div>\n\t\t\t\t<\/div>\n\t\t\t\t\t<\/div>\n\t\t<\/div>\n\t\t\t\t\t<\/div>\n\t\t<\/section>\n\t\t\t\t\t<\/div>\n\t\t<\/div>\n\t\t\t\t<div class=\"elementor-column elementor-col-50 elementor-top-column elementor-element elementor-element-f0e8980\" data-id=\"f0e8980\" data-element_type=\"column\">\n\t\t\t<div class=\"elementor-widget-wrap elementor-element-populated\">\n\t\t\t\t\t\t<div class=\"elementor-element elementor-element-6f96613 elementor-widget elementor-widget-image\" data-id=\"6f96613\" data-element_type=\"widget\" data-widget_type=\"image.default\">\n\t\t\t\t<div class=\"elementor-widget-container\">\n\t\t\t<style>\/*! elementor - v3.23.0 - 05-08-2024 *\/\n.elementor-widget-image{text-align:center}.elementor-widget-image a{display:inline-block}.elementor-widget-image a img[src$=\".svg\"]{width:48px}.elementor-widget-image img{vertical-align:middle;display:inline-block}<\/style>\t\t\t\t\t\t\t<figure class=\"wp-caption\">\n\t\t\t\t\t\t\t\t\t\t<img fetchpriority=\"high\" decoding=\"async\" width=\"500\" height=\"330\" src=\"https:\/\/vintageinconcert.de\/wp-content\/uploads\/2023\/01\/DannyReba-500x330.jpg\" class=\"attachment-ashe-grid-thumbnail size-ashe-grid-thumbnail wp-image-137\" alt=\"\" \/>\t\t\t\t\t\t\t\t\t\t\t<figcaption class=\"widget-image-caption wp-caption-text\">Ja, Danny und mich kann man auch zu zweit buchen \ud83d\ude09<\/figcaption>\n\t\t\t\t\t\t\t\t\t\t<\/figure>\n\t\t\t\t\t\t\t<\/div>\n\t\t\t\t<\/div>\n\t\t\t\t\t<\/div>\n\t\t<\/div>\n\t\t\t\t\t<\/div>\n\t\t<\/section>\n\t\t\t\t<\/div>\n\t\t","protected":false},"excerpt":{"rendered":"<p>Wie ihr direkt zu anfangs merken konntet haben wir viel zu bieten! Von Solisten f\u00fcr alle Bereiche, bishin zum Musical bleiben keine W\u00fcnsche unerf\u00fcllt. F\u00fcr Buchungsanfragen oder Angebote kontaktiert mich ganz einfach \u00fcber das Kontakformular. Schaut euch gern in Ruhe um&#8230; Ja, Danny und mich kann man auch zu zweit buchen \ud83d\ude09<\/p>\n","protected":false},"author":1,"featured_media":0,"parent":0,"menu_order":0,"comment_status":"closed","ping_status":"closed","template":"","meta":{"footnotes":""},"class_list":["post-27","page","type-page","status-publish","hentry"],"jetpack_sharing_enabled":true,"_links":{"self":[{"href":"https:\/\/vintageinconcert.de\/index.php?rest_route=\/wp\/v2\/pages\/27"}],"collection":[{"href":"https:\/\/vintageinconcert.de\/index.php?rest_route=\/wp\/v2\/pages"}],"about":[{"href":"https:\/\/vintageinconcert.de\/index.php?rest_route=\/wp\/v2\/types\/page"}],"author":[{"embeddable":true,"href":"https:\/\/vintageinconcert.de\/index.php?rest_route=\/wp\/v2\/users\/1"}],"replies":[{"embeddable":true,"href":"https:\/\/vintageinconcert.de\/index.php?rest_route=%2Fwp%2Fv2%2Fcomments&post=27"}],"version-history":[{"count":7,"href":"https:\/\/vintageinconcert.de\/index.php?rest_route=\/wp\/v2\/pages\/27\/revisions"}],"predecessor-version":[{"id":338,"href":"https:\/\/vintageinconcert.de\/index.php?rest_route=\/wp\/v2\/pages\/27\/revisions\/338"}],"wp:attachment":[{"href":"https:\/\/vintageinconcert.de\/index.php?rest_route=%2Fwp%2Fv2%2Fmedia&parent=27"}],"curies":[{"name":"wp","href":"https:\/\/api.w.org\/{rel}","templated":true}]}}