{"id":328,"date":"2023-09-11T14:20:42","date_gmt":"2023-09-11T14:20:42","guid":{"rendered":"https:\/\/vintageinconcert.de\/?page_id=328"},"modified":"2023-09-11T14:45:17","modified_gmt":"2023-09-11T14:45:17","slug":"my-musical-ladies","status":"publish","type":"page","link":"https:\/\/vintageinconcert.de\/?page_id=328","title":{"rendered":"My Musical Ladies"},"content":{"rendered":"\t\t<div data-elementor-type=\"wp-page\" data-elementor-id=\"328\" class=\"elementor elementor-328\">\n\t\t\t\t\t\t<section class=\"elementor-section elementor-top-section elementor-element elementor-element-cbb730b elementor-section-boxed elementor-section-height-default elementor-section-height-default\" data-id=\"cbb730b\" data-element_type=\"section\">\n\t\t\t\t\t\t<div class=\"elementor-container elementor-column-gap-default\">\n\t\t\t\t\t<div class=\"elementor-column elementor-col-25 elementor-top-column elementor-element elementor-element-c1fbb60\" data-id=\"c1fbb60\" data-element_type=\"column\">\n\t\t\t<div class=\"elementor-widget-wrap elementor-element-populated\">\n\t\t\t\t\t\t<div class=\"elementor-element elementor-element-137ad1a elementor-widget elementor-widget-text-editor\" data-id=\"137ad1a\" data-element_type=\"widget\" data-widget_type=\"text-editor.default\">\n\t\t\t\t<div class=\"elementor-widget-container\">\n\t\t\t<style>\/*! elementor - v3.23.0 - 05-08-2024 *\/\n.elementor-widget-text-editor.elementor-drop-cap-view-stacked .elementor-drop-cap{background-color:#69727d;color:#fff}.elementor-widget-text-editor.elementor-drop-cap-view-framed .elementor-drop-cap{color:#69727d;border:3px solid;background-color:transparent}.elementor-widget-text-editor:not(.elementor-drop-cap-view-default) .elementor-drop-cap{margin-top:8px}.elementor-widget-text-editor:not(.elementor-drop-cap-view-default) .elementor-drop-cap-letter{width:1em;height:1em}.elementor-widget-text-editor .elementor-drop-cap{float:left;text-align:center;line-height:1;font-size:50px}.elementor-widget-text-editor .elementor-drop-cap-letter{display:inline-block}<\/style>\t\t\t\t<p>Eine Nacht am Broadway und das direkt vor der T\u00fcr. Wir entf\u00fchren euch in die faszinierende Welt der Leinw\u00e4nde und B\u00fchnen, die die Welt bedeuten. <\/p>\t\t\t\t\t\t<\/div>\n\t\t\t\t<\/div>\n\t\t\t\t\t<\/div>\n\t\t<\/div>\n\t\t\t\t<div class=\"elementor-column elementor-col-50 elementor-top-column elementor-element elementor-element-dfc13a1\" data-id=\"dfc13a1\" data-element_type=\"column\">\n\t\t\t<div class=\"elementor-widget-wrap elementor-element-populated\">\n\t\t\t\t\t\t<div class=\"elementor-element elementor-element-5b44ebb elementor-widget elementor-widget-image\" data-id=\"5b44ebb\" data-element_type=\"widget\" data-widget_type=\"image.default\">\n\t\t\t\t<div class=\"elementor-widget-container\">\n\t\t\t<style>\/*! elementor - v3.23.0 - 05-08-2024 *\/\n.elementor-widget-image{text-align:center}.elementor-widget-image a{display:inline-block}.elementor-widget-image a img[src$=\".svg\"]{width:48px}.elementor-widget-image img{vertical-align:middle;display:inline-block}<\/style>\t\t\t\t\t\t\t\t\t\t<img fetchpriority=\"high\" decoding=\"async\" width=\"960\" height=\"448\" src=\"https:\/\/vintageinconcert.de\/wp-content\/uploads\/2023\/09\/MML--1024x478.jpg\" class=\"attachment-large size-large wp-image-332\" alt=\"\" srcset=\"https:\/\/vintageinconcert.de\/wp-content\/uploads\/2023\/09\/MML--1024x478.jpg 1024w, https:\/\/vintageinconcert.de\/wp-content\/uploads\/2023\/09\/MML--300x140.jpg 300w, https:\/\/vintageinconcert.de\/wp-content\/uploads\/2023\/09\/MML--768x359.jpg 768w, https:\/\/vintageinconcert.de\/wp-content\/uploads\/2023\/09\/MML--1536x718.jpg 1536w, https:\/\/vintageinconcert.de\/wp-content\/uploads\/2023\/09\/MML--2048x957.jpg 2048w, https:\/\/vintageinconcert.de\/wp-content\/uploads\/2023\/09\/MML--1140x533.jpg 1140w\" sizes=\"(max-width: 960px) 100vw, 960px\" \/>\t\t\t\t\t\t\t\t\t\t\t\t\t<\/div>\n\t\t\t\t<\/div>\n\t\t\t\t\t<\/div>\n\t\t<\/div>\n\t\t\t\t<div class=\"elementor-column elementor-col-25 elementor-top-column elementor-element elementor-element-f6ac705\" data-id=\"f6ac705\" data-element_type=\"column\">\n\t\t\t<div class=\"elementor-widget-wrap elementor-element-populated\">\n\t\t\t\t\t\t<div class=\"elementor-element elementor-element-0c4dec6 elementor-widget elementor-widget-text-editor\" data-id=\"0c4dec6\" data-element_type=\"widget\" data-widget_type=\"text-editor.default\">\n\t\t\t\t<div class=\"elementor-widget-container\">\n\t\t\t\t\t\t\t<p>Viele Songs begegnen uns immer wieder in gro\u00dfen Filmproduktionen ohne, dass es uns auff\u00e4llt! K\u00f6nnt ihr erraten aus welchen Filmen unsere Songs sind?<\/p>\t\t\t\t\t\t<\/div>\n\t\t\t\t<\/div>\n\t\t\t\t\t<\/div>\n\t\t<\/div>\n\t\t\t\t\t<\/div>\n\t\t<\/section>\n\t\t\t\t<\/div>\n\t\t","protected":false},"excerpt":{"rendered":"<p>Eine Nacht am Broadway und das direkt vor der T\u00fcr. Wir entf\u00fchren euch in die faszinierende Welt der Leinw\u00e4nde und B\u00fchnen, die die Welt bedeuten. Viele Songs begegnen uns immer wieder in gro\u00dfen Filmproduktionen ohne, dass es uns auff\u00e4llt! K\u00f6nnt ihr erraten aus welchen Filmen unsere Songs sind?<\/p>\n","protected":false},"author":1,"featured_media":0,"parent":0,"menu_order":0,"comment_status":"closed","ping_status":"closed","template":"","meta":{"footnotes":""},"class_list":["post-328","page","type-page","status-publish","hentry"],"jetpack_sharing_enabled":true,"_links":{"self":[{"href":"https:\/\/vintageinconcert.de\/index.php?rest_route=\/wp\/v2\/pages\/328"}],"collection":[{"href":"https:\/\/vintageinconcert.de\/index.php?rest_route=\/wp\/v2\/pages"}],"about":[{"href":"https:\/\/vintageinconcert.de\/index.php?rest_route=\/wp\/v2\/types\/page"}],"author":[{"embeddable":true,"href":"https:\/\/vintageinconcert.de\/index.php?rest_route=\/wp\/v2\/users\/1"}],"replies":[{"embeddable":true,"href":"https:\/\/vintageinconcert.de\/index.php?rest_route=%2Fwp%2Fv2%2Fcomments&post=328"}],"version-history":[{"count":4,"href":"https:\/\/vintageinconcert.de\/index.php?rest_route=\/wp\/v2\/pages\/328\/revisions"}],"predecessor-version":[{"id":335,"href":"https:\/\/vintageinconcert.de\/index.php?rest_route=\/wp\/v2\/pages\/328\/revisions\/335"}],"wp:attachment":[{"href":"https:\/\/vintageinconcert.de\/index.php?rest_route=%2Fwp%2Fv2%2Fmedia&parent=328"}],"curies":[{"name":"wp","href":"https:\/\/api.w.org\/{rel}","templated":true}]}}