{"id":34,"date":"2023-01-31T12:31:23","date_gmt":"2023-01-31T12:31:23","guid":{"rendered":"https:\/\/vintageinconcert.de\/?page_id=34"},"modified":"2023-01-31T14:04:37","modified_gmt":"2023-01-31T14:04:37","slug":"veranstaltungen","status":"publish","type":"page","link":"https:\/\/vintageinconcert.de\/?page_id=34","title":{"rendered":"Veranstaltungen"},"content":{"rendered":"\n<div class=\"wp-block-media-text alignwide is-stacked-on-mobile\"><figure class=\"wp-block-media-text__media\"><img fetchpriority=\"high\" decoding=\"async\" width=\"1023\" height=\"914\" src=\"https:\/\/vintageinconcert.de\/wp-content\/uploads\/2023\/01\/VIC-FB-TITELBILD.jpg\" alt=\"\" class=\"wp-image-118 size-full\" srcset=\"https:\/\/vintageinconcert.de\/wp-content\/uploads\/2023\/01\/VIC-FB-TITELBILD.jpg 1023w, https:\/\/vintageinconcert.de\/wp-content\/uploads\/2023\/01\/VIC-FB-TITELBILD-600x536.jpg 600w, https:\/\/vintageinconcert.de\/wp-content\/uploads\/2023\/01\/VIC-FB-TITELBILD-300x268.jpg 300w, https:\/\/vintageinconcert.de\/wp-content\/uploads\/2023\/01\/VIC-FB-TITELBILD-768x686.jpg 768w\" sizes=\"(max-width: 1023px) 100vw, 1023px\" \/><\/figure><div class=\"wp-block-media-text__content\">\n<p>Hier findet ihr die aktuellensten \u00f6ffentlichen Termine rund um unsere Shows und K\u00fcnstler. Um nichts zu verpassen, k\u00f6nnt ihr euch auch gern in den <a href=\"https:\/\/vintageinconcert.de\/?page_id=35\" data-type=\"URL\" data-id=\"https:\/\/vintageinconcert.de\/?page_id=35\">Newsletter <\/a>eintragen.<\/p>\n\n\n\n<p><a href=\"https:\/\/vintageinconcert.de\/?post_type=tribe_events\" data-type=\"URL\" data-id=\"https:\/\/vintageinconcert.de\/?post_type=tribe_events\">Hier <\/a>geht es zu den Events&#8230;<\/p>\n<\/div><\/div>\n","protected":false},"excerpt":{"rendered":"<p>Hier findet ihr die aktuellensten \u00f6ffentlichen Termine rund um unsere Shows und K\u00fcnstler. Um nichts zu verpassen, k\u00f6nnt ihr euch auch gern in den Newsletter eintragen. Hier geht es zu den Events&#8230;<\/p>\n","protected":false},"author":1,"featured_media":0,"parent":0,"menu_order":0,"comment_status":"closed","ping_status":"closed","template":"","meta":{"footnotes":""},"class_list":["post-34","page","type-page","status-publish","hentry"],"jetpack_sharing_enabled":true,"_links":{"self":[{"href":"https:\/\/vintageinconcert.de\/index.php?rest_route=\/wp\/v2\/pages\/34"}],"collection":[{"href":"https:\/\/vintageinconcert.de\/index.php?rest_route=\/wp\/v2\/pages"}],"about":[{"href":"https:\/\/vintageinconcert.de\/index.php?rest_route=\/wp\/v2\/types\/page"}],"author":[{"embeddable":true,"href":"https:\/\/vintageinconcert.de\/index.php?rest_route=\/wp\/v2\/users\/1"}],"replies":[{"embeddable":true,"href":"https:\/\/vintageinconcert.de\/index.php?rest_route=%2Fwp%2Fv2%2Fcomments&post=34"}],"version-history":[{"count":3,"href":"https:\/\/vintageinconcert.de\/index.php?rest_route=\/wp\/v2\/pages\/34\/revisions"}],"predecessor-version":[{"id":120,"href":"https:\/\/vintageinconcert.de\/index.php?rest_route=\/wp\/v2\/pages\/34\/revisions\/120"}],"wp:attachment":[{"href":"https:\/\/vintageinconcert.de\/index.php?rest_route=%2Fwp%2Fv2%2Fmedia&parent=34"}],"curies":[{"name":"wp","href":"https:\/\/api.w.org\/{rel}","templated":true}]}}