{"id":36,"date":"2023-01-31T12:31:23","date_gmt":"2023-01-31T12:31:23","guid":{"rendered":"https:\/\/vintageinconcert.de\/?page_id=36"},"modified":"2023-09-11T14:58:31","modified_gmt":"2023-09-11T14:58:31","slug":"impressum","status":"publish","type":"page","link":"https:\/\/vintageinconcert.de\/","title":{"rendered":"Vintage in Concert"},"content":{"rendered":"\t\t<div data-elementor-type=\"wp-page\" data-elementor-id=\"36\" class=\"elementor elementor-36\">\n\t\t\t\t\t\t<section class=\"elementor-section elementor-top-section elementor-element elementor-element-8457fbf elementor-section-boxed elementor-section-height-default elementor-section-height-default\" data-id=\"8457fbf\" data-element_type=\"section\">\n\t\t\t\t\t\t<div class=\"elementor-container elementor-column-gap-default\">\n\t\t\t\t\t<div class=\"elementor-column elementor-col-100 elementor-top-column elementor-element elementor-element-8c39810\" data-id=\"8c39810\" data-element_type=\"column\">\n\t\t\t<div class=\"elementor-widget-wrap elementor-element-populated\">\n\t\t\t\t\t\t<div class=\"elementor-element elementor-element-6c44499 elementor-widget elementor-widget-heading\" data-id=\"6c44499\" data-element_type=\"widget\" data-widget_type=\"heading.default\">\n\t\t\t\t<div class=\"elementor-widget-container\">\n\t\t\t<style>\/*! elementor - v3.23.0 - 05-08-2024 *\/\n.elementor-heading-title{padding:0;margin:0;line-height:1}.elementor-widget-heading .elementor-heading-title[class*=elementor-size-]>a{color:inherit;font-size:inherit;line-height:inherit}.elementor-widget-heading .elementor-heading-title.elementor-size-small{font-size:15px}.elementor-widget-heading .elementor-heading-title.elementor-size-medium{font-size:19px}.elementor-widget-heading .elementor-heading-title.elementor-size-large{font-size:29px}.elementor-widget-heading .elementor-heading-title.elementor-size-xl{font-size:39px}.elementor-widget-heading .elementor-heading-title.elementor-size-xxl{font-size:59px}<\/style><h2 class=\"elementor-heading-title elementor-size-default\">Willkommen in meiner Welt <\/h2>\t\t<\/div>\n\t\t\t\t<\/div>\n\t\t\t\t\t<\/div>\n\t\t<\/div>\n\t\t\t\t\t<\/div>\n\t\t<\/section>\n\t\t\t\t<section class=\"elementor-section elementor-top-section elementor-element elementor-element-14c960e elementor-section-boxed elementor-section-height-default elementor-section-height-default\" data-id=\"14c960e\" data-element_type=\"section\">\n\t\t\t\t\t\t<div class=\"elementor-container elementor-column-gap-default\">\n\t\t\t\t\t<div class=\"elementor-column elementor-col-33 elementor-top-column elementor-element elementor-element-c7ccb46\" data-id=\"c7ccb46\" data-element_type=\"column\">\n\t\t\t<div class=\"elementor-widget-wrap elementor-element-populated\">\n\t\t\t\t\t\t<div class=\"elementor-element elementor-element-6f91b78 elementor-widget elementor-widget-text-editor\" data-id=\"6f91b78\" data-element_type=\"widget\" data-widget_type=\"text-editor.default\">\n\t\t\t\t<div class=\"elementor-widget-container\">\n\t\t\t<style>\/*! elementor - v3.23.0 - 05-08-2024 *\/\n.elementor-widget-text-editor.elementor-drop-cap-view-stacked .elementor-drop-cap{background-color:#69727d;color:#fff}.elementor-widget-text-editor.elementor-drop-cap-view-framed .elementor-drop-cap{color:#69727d;border:3px solid;background-color:transparent}.elementor-widget-text-editor:not(.elementor-drop-cap-view-default) .elementor-drop-cap{margin-top:8px}.elementor-widget-text-editor:not(.elementor-drop-cap-view-default) .elementor-drop-cap-letter{width:1em;height:1em}.elementor-widget-text-editor .elementor-drop-cap{float:left;text-align:center;line-height:1;font-size:50px}.elementor-widget-text-editor .elementor-drop-cap-letter{display:inline-block}<\/style>\t\t\t\t<div>Hallo, mein Name ist Reba Williams und Vintage in Concert ist meine Firma. Ich habe sie 2018 gegr\u00fcndet und \u00fcbernahm zu diesem Zeitpunkt die Koordination zweier Shows und einem Musical.<\/div><div>Ich selbst bin S\u00e4ngerin.<\/div><div>Management, Booking, Choreograph, musikalische Leiterin, Kost\u00fcmbildnerin, PR Managerin, Video- und Bildbearbeiterin und vieles vieles mehr.<\/div>\t\t\t\t\t\t<\/div>\n\t\t\t\t<\/div>\n\t\t\t\t\t<\/div>\n\t\t<\/div>\n\t\t\t\t<div class=\"elementor-column elementor-col-33 elementor-top-column elementor-element elementor-element-36b06a9\" data-id=\"36b06a9\" data-element_type=\"column\">\n\t\t\t<div class=\"elementor-widget-wrap elementor-element-populated\">\n\t\t\t\t\t\t<div class=\"elementor-element elementor-element-b603122 elementor-widget elementor-widget-image\" data-id=\"b603122\" data-element_type=\"widget\" data-widget_type=\"image.default\">\n\t\t\t\t<div class=\"elementor-widget-container\">\n\t\t\t<style>\/*! elementor - v3.23.0 - 05-08-2024 *\/\n.elementor-widget-image{text-align:center}.elementor-widget-image a{display:inline-block}.elementor-widget-image a img[src$=\".svg\"]{width:48px}.elementor-widget-image img{vertical-align:middle;display:inline-block}<\/style>\t\t\t\t\t\t\t\t\t\t<img fetchpriority=\"high\" decoding=\"async\" width=\"480\" height=\"640\" src=\"https:\/\/vintageinconcert.de\/wp-content\/uploads\/2023\/09\/2014-12-14-15.36.51.png\" class=\"attachment-large size-large wp-image-339\" alt=\"\" srcset=\"https:\/\/vintageinconcert.de\/wp-content\/uploads\/2023\/09\/2014-12-14-15.36.51.png 480w, https:\/\/vintageinconcert.de\/wp-content\/uploads\/2023\/09\/2014-12-14-15.36.51-225x300.png 225w\" sizes=\"(max-width: 480px) 100vw, 480px\" \/>\t\t\t\t\t\t\t\t\t\t\t\t\t<\/div>\n\t\t\t\t<\/div>\n\t\t\t\t\t<\/div>\n\t\t<\/div>\n\t\t\t\t<div class=\"elementor-column elementor-col-33 elementor-top-column elementor-element elementor-element-0a1136a\" data-id=\"0a1136a\" data-element_type=\"column\">\n\t\t\t<div class=\"elementor-widget-wrap elementor-element-populated\">\n\t\t\t\t\t\t<div class=\"elementor-element elementor-element-8d5e61c elementor-widget elementor-widget-text-editor\" data-id=\"8d5e61c\" data-element_type=\"widget\" data-widget_type=\"text-editor.default\">\n\t\t\t\t<div class=\"elementor-widget-container\">\n\t\t\t\t\t\t\t<p>Seit 2018 unterst\u00fctze ich Danny, meinen Mann und den Initiator von Danny &amp; The Chicks, Sweet Sisters und ErdbeerBrause in allen Belangen.<\/p><p>Um uns herum haben wir run 20 K\u00fcnstlerInnen auf die wir uns blind verlassen k\u00f6nnen.<\/p><p>Auf den Folgenden Seiten stelle ich euch die meisten davon vor!<\/p>\t\t\t\t\t\t<\/div>\n\t\t\t\t<\/div>\n\t\t\t\t\t<\/div>\n\t\t<\/div>\n\t\t\t\t\t<\/div>\n\t\t<\/section>\n\t\t\t\t<section class=\"elementor-section elementor-top-section elementor-element elementor-element-9cded52 elementor-section-boxed elementor-section-height-default elementor-section-height-default\" data-id=\"9cded52\" data-element_type=\"section\">\n\t\t\t\t\t\t<div class=\"elementor-container elementor-column-gap-default\">\n\t\t\t\t\t<div class=\"elementor-column elementor-col-100 elementor-top-column elementor-element elementor-element-797da57\" data-id=\"797da57\" data-element_type=\"column\">\n\t\t\t<div class=\"elementor-widget-wrap elementor-element-populated\">\n\t\t\t\t\t\t<div class=\"elementor-element elementor-element-d3c24bd elementor-widget elementor-widget-image\" data-id=\"d3c24bd\" data-element_type=\"widget\" data-widget_type=\"image.default\">\n\t\t\t\t<div class=\"elementor-widget-container\">\n\t\t\t\t\t\t\t\t\t\t\t\t\t<img decoding=\"async\" width=\"720\" height=\"1280\" src=\"https:\/\/vintageinconcert.de\/wp-content\/uploads\/2023\/01\/2015-06-21-15.51.53.png\" class=\"attachment-full size-full wp-image-136\" alt=\"\" srcset=\"https:\/\/vintageinconcert.de\/wp-content\/uploads\/2023\/01\/2015-06-21-15.51.53.png 720w, https:\/\/vintageinconcert.de\/wp-content\/uploads\/2023\/01\/2015-06-21-15.51.53-600x1067.png 600w, https:\/\/vintageinconcert.de\/wp-content\/uploads\/2023\/01\/2015-06-21-15.51.53-169x300.png 169w, https:\/\/vintageinconcert.de\/wp-content\/uploads\/2023\/01\/2015-06-21-15.51.53-576x1024.png 576w\" sizes=\"(max-width: 720px) 100vw, 720px\" \/>\t\t\t\t\t\t\t\t\t\t\t\t\t<\/div>\n\t\t\t\t<\/div>\n\t\t\t\t\t<\/div>\n\t\t<\/div>\n\t\t\t\t\t<\/div>\n\t\t<\/section>\n\t\t\t\t<section class=\"elementor-section elementor-top-section elementor-element elementor-element-5572169 elementor-section-boxed elementor-section-height-default elementor-section-height-default\" data-id=\"5572169\" data-element_type=\"section\">\n\t\t\t\t\t\t<div class=\"elementor-container elementor-column-gap-default\">\n\t\t\t\t\t<div class=\"elementor-column elementor-col-100 elementor-top-column elementor-element elementor-element-88caa18\" data-id=\"88caa18\" data-element_type=\"column\">\n\t\t\t<div class=\"elementor-widget-wrap\">\n\t\t\t\t\t\t\t<\/div>\n\t\t<\/div>\n\t\t\t\t\t<\/div>\n\t\t<\/section>\n\t\t\t\t<section class=\"elementor-section elementor-top-section elementor-element elementor-element-dbaa7d0 elementor-section-boxed elementor-section-height-default elementor-section-height-default\" data-id=\"dbaa7d0\" data-element_type=\"section\">\n\t\t\t\t\t\t<div class=\"elementor-container elementor-column-gap-default\">\n\t\t\t\t\t<div class=\"elementor-column elementor-col-100 elementor-top-column elementor-element elementor-element-52af2a9\" data-id=\"52af2a9\" data-element_type=\"column\">\n\t\t\t<div class=\"elementor-widget-wrap\">\n\t\t\t\t\t\t\t<\/div>\n\t\t<\/div>\n\t\t\t\t\t<\/div>\n\t\t<\/section>\n\t\t\t\t<\/div>\n\t\t","protected":false},"excerpt":{"rendered":"<p>Willkommen in meiner Welt Hallo, mein Name ist Reba Williams und Vintage in Concert ist meine Firma. Ich habe sie 2018 gegr\u00fcndet und \u00fcbernahm zu diesem Zeitpunkt die Koordination zweier Shows und einem Musical.Ich selbst bin S\u00e4ngerin.Management, Booking, Choreograph, musikalische Leiterin, Kost\u00fcmbildnerin, PR Managerin, Video- und Bildbearbeiterin und vieles vieles mehr. Seit 2018 unterst\u00fctze ich Danny, meinen Mann und den Initiator von Danny &amp; The Chicks, Sweet Sisters und ErdbeerBrause in allen Belangen. Um uns herum haben wir run 20 K\u00fcnstlerInnen auf die wir uns blind verlassen k\u00f6nnen. Auf den Folgenden Seiten stelle ich euch die meisten davon vor!<\/p>\n","protected":false},"author":1,"featured_media":0,"parent":0,"menu_order":0,"comment_status":"closed","ping_status":"closed","template":"","meta":{"footnotes":""},"class_list":["post-36","page","type-page","status-publish","hentry"],"jetpack_sharing_enabled":true,"_links":{"self":[{"href":"https:\/\/vintageinconcert.de\/index.php?rest_route=\/wp\/v2\/pages\/36"}],"collection":[{"href":"https:\/\/vintageinconcert.de\/index.php?rest_route=\/wp\/v2\/pages"}],"about":[{"href":"https:\/\/vintageinconcert.de\/index.php?rest_route=\/wp\/v2\/types\/page"}],"author":[{"embeddable":true,"href":"https:\/\/vintageinconcert.de\/index.php?rest_route=\/wp\/v2\/users\/1"}],"replies":[{"embeddable":true,"href":"https:\/\/vintageinconcert.de\/index.php?rest_route=%2Fwp%2Fv2%2Fcomments&post=36"}],"version-history":[{"count":34,"href":"https:\/\/vintageinconcert.de\/index.php?rest_route=\/wp\/v2\/pages\/36\/revisions"}],"predecessor-version":[{"id":343,"href":"https:\/\/vintageinconcert.de\/index.php?rest_route=\/wp\/v2\/pages\/36\/revisions\/343"}],"wp:attachment":[{"href":"https:\/\/vintageinconcert.de\/index.php?rest_route=%2Fwp%2Fv2%2Fmedia&parent=36"}],"curies":[{"name":"wp","href":"https:\/\/api.w.org\/{rel}","templated":true}]}}