{"id":66,"date":"2023-01-31T13:04:27","date_gmt":"2023-01-31T13:04:27","guid":{"rendered":"https:\/\/vintageinconcert.de\/?page_id=66"},"modified":"2023-09-11T15:19:13","modified_gmt":"2023-09-11T15:19:13","slug":"solisten","status":"publish","type":"page","link":"https:\/\/vintageinconcert.de\/?page_id=66","title":{"rendered":"Die Auswahl"},"content":{"rendered":"\t\t<div data-elementor-type=\"wp-page\" data-elementor-id=\"66\" class=\"elementor elementor-66\">\n\t\t\t\t\t\t<section class=\"elementor-section elementor-top-section elementor-element elementor-element-5e404f2 elementor-section-boxed elementor-section-height-default elementor-section-height-default\" data-id=\"5e404f2\" data-element_type=\"section\">\n\t\t\t\t\t\t<div class=\"elementor-container elementor-column-gap-default\">\n\t\t\t\t\t<div class=\"elementor-column elementor-col-100 elementor-top-column elementor-element elementor-element-accee70\" data-id=\"accee70\" data-element_type=\"column\">\n\t\t\t<div class=\"elementor-widget-wrap elementor-element-populated\">\n\t\t\t\t\t\t<div class=\"elementor-element elementor-element-afb2b10 elementor-widget elementor-widget-text-editor\" data-id=\"afb2b10\" data-element_type=\"widget\" data-widget_type=\"text-editor.default\">\n\t\t\t\t<div class=\"elementor-widget-container\">\n\t\t\t<style>\/*! elementor - v3.23.0 - 05-08-2024 *\/\n.elementor-widget-text-editor.elementor-drop-cap-view-stacked .elementor-drop-cap{background-color:#69727d;color:#fff}.elementor-widget-text-editor.elementor-drop-cap-view-framed .elementor-drop-cap{color:#69727d;border:3px solid;background-color:transparent}.elementor-widget-text-editor:not(.elementor-drop-cap-view-default) .elementor-drop-cap{margin-top:8px}.elementor-widget-text-editor:not(.elementor-drop-cap-view-default) .elementor-drop-cap-letter{width:1em;height:1em}.elementor-widget-text-editor .elementor-drop-cap{float:left;text-align:center;line-height:1;font-size:50px}.elementor-widget-text-editor .elementor-drop-cap-letter{display:inline-block}<\/style>\t\t\t\t<p>Wir haben wahrscheinlich so gut wie alles, was ihr braucht. Sendet mir ganz bequem eine <a href=\"https:\/\/vintageinconcert.de\/?page_id=25\">unverbindliche Anfrage<\/a> und ich helfe euch gerne weiter. Ihr k\u00f6nnt auch auf die Bilder klicken und erhaltet weitere Infos. Viel Spa\u00df <\/p>\t\t\t\t\t\t<\/div>\n\t\t\t\t<\/div>\n\t\t\t\t\t<\/div>\n\t\t<\/div>\n\t\t\t\t\t<\/div>\n\t\t<\/section>\n\t\t\t\t<section class=\"elementor-section elementor-top-section elementor-element elementor-element-b3c34b6 elementor-section-boxed elementor-section-height-default elementor-section-height-default\" data-id=\"b3c34b6\" data-element_type=\"section\">\n\t\t\t\t\t\t<div class=\"elementor-container elementor-column-gap-default\">\n\t\t\t\t\t<div class=\"elementor-column elementor-col-16 elementor-top-column elementor-element elementor-element-55d58e9\" data-id=\"55d58e9\" data-element_type=\"column\">\n\t\t\t<div class=\"elementor-widget-wrap elementor-element-populated\">\n\t\t\t\t\t\t<div class=\"elementor-element elementor-element-197905c elementor-widget elementor-widget-image\" data-id=\"197905c\" data-element_type=\"widget\" data-widget_type=\"image.default\">\n\t\t\t\t<div class=\"elementor-widget-container\">\n\t\t\t<style>\/*! elementor - v3.23.0 - 05-08-2024 *\/\n.elementor-widget-image{text-align:center}.elementor-widget-image a{display:inline-block}.elementor-widget-image a img[src$=\".svg\"]{width:48px}.elementor-widget-image img{vertical-align:middle;display:inline-block}<\/style>\t\t\t\t\t\t\t<figure class=\"wp-caption\">\n\t\t\t\t\t\t\t\t\t\t\t<a href=\"https:\/\/vintageinconcert.de\/\">\n\t\t\t\t\t\t\t<img fetchpriority=\"high\" decoding=\"async\" width=\"911\" height=\"683\" src=\"https:\/\/vintageinconcert.de\/wp-content\/uploads\/2023\/01\/schnaps.jpg_image_1024_width.jpg\" class=\"attachment-large size-large wp-image-202\" alt=\"\" srcset=\"https:\/\/vintageinconcert.de\/wp-content\/uploads\/2023\/01\/schnaps.jpg_image_1024_width.jpg 911w, https:\/\/vintageinconcert.de\/wp-content\/uploads\/2023\/01\/schnaps.jpg_image_1024_width-600x450.jpg 600w, https:\/\/vintageinconcert.de\/wp-content\/uploads\/2023\/01\/schnaps.jpg_image_1024_width-300x225.jpg 300w, https:\/\/vintageinconcert.de\/wp-content\/uploads\/2023\/01\/schnaps.jpg_image_1024_width-768x576.jpg 768w\" sizes=\"(max-width: 911px) 100vw, 911px\" \/>\t\t\t\t\t\t\t\t<\/a>\n\t\t\t\t\t\t\t\t\t\t\t<figcaption class=\"widget-image-caption wp-caption-text\">Schlager<\/figcaption>\n\t\t\t\t\t\t\t\t\t\t<\/figure>\n\t\t\t\t\t\t\t<\/div>\n\t\t\t\t<\/div>\n\t\t\t\t<div class=\"elementor-element elementor-element-ccd49b3 elementor-widget elementor-widget-image\" data-id=\"ccd49b3\" data-element_type=\"widget\" data-widget_type=\"image.default\">\n\t\t\t\t<div class=\"elementor-widget-container\">\n\t\t\t\t\t\t\t\t\t\t<figure class=\"wp-caption\">\n\t\t\t\t\t\t\t\t\t\t\t<a href=\"https:\/\/cranger-gaudibuam.de\/\">\n\t\t\t\t\t\t\t<img decoding=\"async\" width=\"960\" height=\"960\" src=\"https:\/\/vintageinconcert.de\/wp-content\/uploads\/2023\/01\/Gaudi-buam-1024x1024.jpg\" class=\"attachment-large size-large wp-image-199\" alt=\"\" srcset=\"https:\/\/vintageinconcert.de\/wp-content\/uploads\/2023\/01\/Gaudi-buam-1024x1024.jpg 1024w, https:\/\/vintageinconcert.de\/wp-content\/uploads\/2023\/01\/Gaudi-buam-300x300.jpg 300w, https:\/\/vintageinconcert.de\/wp-content\/uploads\/2023\/01\/Gaudi-buam-100x100.jpg 100w, https:\/\/vintageinconcert.de\/wp-content\/uploads\/2023\/01\/Gaudi-buam-600x600.jpg 600w, https:\/\/vintageinconcert.de\/wp-content\/uploads\/2023\/01\/Gaudi-buam-150x150.jpg 150w, https:\/\/vintageinconcert.de\/wp-content\/uploads\/2023\/01\/Gaudi-buam-768x768.jpg 768w, https:\/\/vintageinconcert.de\/wp-content\/uploads\/2023\/01\/Gaudi-buam-75x75.jpg 75w, https:\/\/vintageinconcert.de\/wp-content\/uploads\/2023\/01\/Gaudi-buam.jpg 1100w\" sizes=\"(max-width: 960px) 100vw, 960px\" \/>\t\t\t\t\t\t\t\t<\/a>\n\t\t\t\t\t\t\t\t\t\t\t<figcaption class=\"widget-image-caption wp-caption-text\">Original Cranger Gaudi Buam<\/figcaption>\n\t\t\t\t\t\t\t\t\t\t<\/figure>\n\t\t\t\t\t\t\t<\/div>\n\t\t\t\t<\/div>\n\t\t\t\t\t<\/div>\n\t\t<\/div>\n\t\t\t\t<div class=\"elementor-column elementor-col-16 elementor-top-column elementor-element elementor-element-33f4562\" data-id=\"33f4562\" data-element_type=\"column\">\n\t\t\t<div class=\"elementor-widget-wrap elementor-element-populated\">\n\t\t\t\t\t\t<div class=\"elementor-element elementor-element-de38227 elementor-widget elementor-widget-image\" data-id=\"de38227\" data-element_type=\"widget\" data-widget_type=\"image.default\">\n\t\t\t\t<div class=\"elementor-widget-container\">\n\t\t\t\t\t\t\t\t\t\t<figure class=\"wp-caption\">\n\t\t\t\t\t\t\t\t\t\t<img decoding=\"async\" width=\"960\" height=\"539\" src=\"https:\/\/vintageinconcert.de\/wp-content\/uploads\/2023\/01\/03.jpg\" class=\"attachment-large size-large wp-image-191\" alt=\"\" srcset=\"https:\/\/vintageinconcert.de\/wp-content\/uploads\/2023\/01\/03.jpg 960w, https:\/\/vintageinconcert.de\/wp-content\/uploads\/2023\/01\/03-600x337.jpg 600w, https:\/\/vintageinconcert.de\/wp-content\/uploads\/2023\/01\/03-300x168.jpg 300w, https:\/\/vintageinconcert.de\/wp-content\/uploads\/2023\/01\/03-768x431.jpg 768w\" sizes=\"(max-width: 960px) 100vw, 960px\" \/>\t\t\t\t\t\t\t\t\t\t\t<figcaption class=\"widget-image-caption wp-caption-text\">komplette Liveband<\/figcaption>\n\t\t\t\t\t\t\t\t\t\t<\/figure>\n\t\t\t\t\t\t\t<\/div>\n\t\t\t\t<\/div>\n\t\t\t\t<div class=\"elementor-element elementor-element-dba462c elementor-widget elementor-widget-image\" data-id=\"dba462c\" data-element_type=\"widget\" data-widget_type=\"image.default\">\n\t\t\t\t<div class=\"elementor-widget-container\">\n\t\t\t\t\t\t\t\t\t\t<figure class=\"wp-caption\">\n\t\t\t\t\t\t\t\t\t\t\t<a href=\"https:\/\/www.liveband-ilex.de\/\">\n\t\t\t\t\t\t\t<img loading=\"lazy\" decoding=\"async\" width=\"960\" height=\"966\" src=\"https:\/\/vintageinconcert.de\/wp-content\/uploads\/2023\/01\/AK-1018x1024.jpg\" class=\"attachment-large size-large wp-image-193\" alt=\"\" srcset=\"https:\/\/vintageinconcert.de\/wp-content\/uploads\/2023\/01\/AK-1018x1024.jpg 1018w, https:\/\/vintageinconcert.de\/wp-content\/uploads\/2023\/01\/AK-100x100.jpg 100w, https:\/\/vintageinconcert.de\/wp-content\/uploads\/2023\/01\/AK-600x603.jpg 600w, https:\/\/vintageinconcert.de\/wp-content\/uploads\/2023\/01\/AK-298x300.jpg 298w, https:\/\/vintageinconcert.de\/wp-content\/uploads\/2023\/01\/AK-150x150.jpg 150w, https:\/\/vintageinconcert.de\/wp-content\/uploads\/2023\/01\/AK-768x772.jpg 768w, https:\/\/vintageinconcert.de\/wp-content\/uploads\/2023\/01\/AK-75x75.jpg 75w, https:\/\/vintageinconcert.de\/wp-content\/uploads\/2023\/01\/AK.jpg 1108w\" sizes=\"(max-width: 960px) 100vw, 960px\" \/>\t\t\t\t\t\t\t\t<\/a>\n\t\t\t\t\t\t\t\t\t\t\t<figcaption class=\"widget-image-caption wp-caption-text\">Top 40s<\/figcaption>\n\t\t\t\t\t\t\t\t\t\t<\/figure>\n\t\t\t\t\t\t\t<\/div>\n\t\t\t\t<\/div>\n\t\t\t\t\t<\/div>\n\t\t<\/div>\n\t\t\t\t<div class=\"elementor-column elementor-col-16 elementor-top-column elementor-element elementor-element-fc95621\" data-id=\"fc95621\" data-element_type=\"column\">\n\t\t\t<div class=\"elementor-widget-wrap elementor-element-populated\">\n\t\t\t\t\t\t<div class=\"elementor-element elementor-element-2795684 elementor-widget elementor-widget-image\" data-id=\"2795684\" data-element_type=\"widget\" data-widget_type=\"image.default\">\n\t\t\t\t<div class=\"elementor-widget-container\">\n\t\t\t\t\t\t\t\t\t\t<figure class=\"wp-caption\">\n\t\t\t\t\t\t\t\t\t\t\t<a href=\"https:\/\/www.google.com\/url?sa=t&#038;rct=j&#038;q=&#038;esrc=s&#038;source=web&#038;cd=&#038;cad=rja&#038;uact=8&#038;ved=2ahUKEwiSlJHxnPL8AhVK3qQKHceMBE8QFnoECBUQAQ&#038;url=https%3A%2F%2Fwww.facebook.com%2FAnni4weddings%2F&#038;usg=AOvVaw0WN5bm8lnOZnDLiwTOZVU4\">\n\t\t\t\t\t\t\t<img loading=\"lazy\" decoding=\"async\" width=\"960\" height=\"960\" src=\"https:\/\/vintageinconcert.de\/wp-content\/uploads\/2023\/01\/Annika.jpg\" class=\"attachment-large size-large wp-image-194\" alt=\"\" srcset=\"https:\/\/vintageinconcert.de\/wp-content\/uploads\/2023\/01\/Annika.jpg 960w, https:\/\/vintageinconcert.de\/wp-content\/uploads\/2023\/01\/Annika-300x300.jpg 300w, https:\/\/vintageinconcert.de\/wp-content\/uploads\/2023\/01\/Annika-100x100.jpg 100w, https:\/\/vintageinconcert.de\/wp-content\/uploads\/2023\/01\/Annika-600x600.jpg 600w, https:\/\/vintageinconcert.de\/wp-content\/uploads\/2023\/01\/Annika-150x150.jpg 150w, https:\/\/vintageinconcert.de\/wp-content\/uploads\/2023\/01\/Annika-768x768.jpg 768w, https:\/\/vintageinconcert.de\/wp-content\/uploads\/2023\/01\/Annika-75x75.jpg 75w\" sizes=\"(max-width: 960px) 100vw, 960px\" \/>\t\t\t\t\t\t\t\t<\/a>\n\t\t\t\t\t\t\t\t\t\t\t<figcaption class=\"widget-image-caption wp-caption-text\">Party<\/figcaption>\n\t\t\t\t\t\t\t\t\t\t<\/figure>\n\t\t\t\t\t\t\t<\/div>\n\t\t\t\t<\/div>\n\t\t\t\t<div class=\"elementor-element elementor-element-e68ff71 elementor-widget elementor-widget-image\" data-id=\"e68ff71\" data-element_type=\"widget\" data-widget_type=\"image.default\">\n\t\t\t\t<div class=\"elementor-widget-container\">\n\t\t\t\t\t\t\t\t\t\t<figure class=\"wp-caption\">\n\t\t\t\t\t\t\t\t\t\t<img loading=\"lazy\" decoding=\"async\" width=\"800\" height=\"533\" src=\"https:\/\/vintageinconcert.de\/wp-content\/uploads\/2023\/01\/Rebecca.jpg\" class=\"attachment-large size-large wp-image-201\" alt=\"\" srcset=\"https:\/\/vintageinconcert.de\/wp-content\/uploads\/2023\/01\/Rebecca.jpg 800w, https:\/\/vintageinconcert.de\/wp-content\/uploads\/2023\/01\/Rebecca-600x400.jpg 600w, https:\/\/vintageinconcert.de\/wp-content\/uploads\/2023\/01\/Rebecca-300x200.jpg 300w, https:\/\/vintageinconcert.de\/wp-content\/uploads\/2023\/01\/Rebecca-768x512.jpg 768w\" sizes=\"(max-width: 800px) 100vw, 800px\" \/>\t\t\t\t\t\t\t\t\t\t\t<figcaption class=\"widget-image-caption wp-caption-text\">Soul<\/figcaption>\n\t\t\t\t\t\t\t\t\t\t<\/figure>\n\t\t\t\t\t\t\t<\/div>\n\t\t\t\t<\/div>\n\t\t\t\t\t<\/div>\n\t\t<\/div>\n\t\t\t\t<div class=\"elementor-column elementor-col-16 elementor-top-column elementor-element elementor-element-4873a1d\" data-id=\"4873a1d\" data-element_type=\"column\">\n\t\t\t<div class=\"elementor-widget-wrap elementor-element-populated\">\n\t\t\t\t\t\t<div class=\"elementor-element elementor-element-5932e5e elementor-widget elementor-widget-image\" data-id=\"5932e5e\" data-element_type=\"widget\" data-widget_type=\"image.default\">\n\t\t\t\t<div class=\"elementor-widget-container\">\n\t\t\t\t\t\t\t\t\t\t<figure class=\"wp-caption\">\n\t\t\t\t\t\t\t\t\t\t\t<a href=\"https:\/\/www.juergensartorius.de\/partyband\">\n\t\t\t\t\t\t\t<img loading=\"lazy\" decoding=\"async\" width=\"960\" height=\"642\" src=\"https:\/\/vintageinconcert.de\/wp-content\/uploads\/2023\/01\/aIMGP7168-1024x685.jpg\" class=\"attachment-large size-large wp-image-192\" alt=\"\" srcset=\"https:\/\/vintageinconcert.de\/wp-content\/uploads\/2023\/01\/aIMGP7168-1024x685.jpg 1024w, https:\/\/vintageinconcert.de\/wp-content\/uploads\/2023\/01\/aIMGP7168-scaled-600x401.jpg 600w, https:\/\/vintageinconcert.de\/wp-content\/uploads\/2023\/01\/aIMGP7168-300x201.jpg 300w, https:\/\/vintageinconcert.de\/wp-content\/uploads\/2023\/01\/aIMGP7168-768x514.jpg 768w, https:\/\/vintageinconcert.de\/wp-content\/uploads\/2023\/01\/aIMGP7168-1536x1027.jpg 1536w, https:\/\/vintageinconcert.de\/wp-content\/uploads\/2023\/01\/aIMGP7168-2048x1369.jpg 2048w, https:\/\/vintageinconcert.de\/wp-content\/uploads\/2023\/01\/aIMGP7168-1140x762.jpg 1140w\" sizes=\"(max-width: 960px) 100vw, 960px\" \/>\t\t\t\t\t\t\t\t<\/a>\n\t\t\t\t\t\t\t\t\t\t\t<figcaption class=\"widget-image-caption wp-caption-text\">J\u00fcrgen und die Besten<\/figcaption>\n\t\t\t\t\t\t\t\t\t\t<\/figure>\n\t\t\t\t\t\t\t<\/div>\n\t\t\t\t<\/div>\n\t\t\t\t<div class=\"elementor-element elementor-element-8ac8aea elementor-widget elementor-widget-image\" data-id=\"8ac8aea\" data-element_type=\"widget\" data-widget_type=\"image.default\">\n\t\t\t\t<div class=\"elementor-widget-container\">\n\t\t\t\t\t\t\t\t\t\t<figure class=\"wp-caption\">\n\t\t\t\t\t\t\t\t\t\t\t<a href=\"http:\/\/www.saengerincori.de\">\n\t\t\t\t\t\t\t<img loading=\"lazy\" decoding=\"async\" width=\"960\" height=\"960\" src=\"https:\/\/vintageinconcert.de\/wp-content\/uploads\/2023\/01\/Cori.webp\" class=\"attachment-large size-large wp-image-196\" alt=\"\" srcset=\"https:\/\/vintageinconcert.de\/wp-content\/uploads\/2023\/01\/Cori.webp 1014w, https:\/\/vintageinconcert.de\/wp-content\/uploads\/2023\/01\/Cori-300x300.webp 300w, https:\/\/vintageinconcert.de\/wp-content\/uploads\/2023\/01\/Cori-100x100.webp 100w, https:\/\/vintageinconcert.de\/wp-content\/uploads\/2023\/01\/Cori-600x600.webp 600w, https:\/\/vintageinconcert.de\/wp-content\/uploads\/2023\/01\/Cori-150x150.webp 150w, https:\/\/vintageinconcert.de\/wp-content\/uploads\/2023\/01\/Cori-768x768.webp 768w, https:\/\/vintageinconcert.de\/wp-content\/uploads\/2023\/01\/Cori-75x75.webp 75w\" sizes=\"(max-width: 960px) 100vw, 960px\" \/>\t\t\t\t\t\t\t\t<\/a>\n\t\t\t\t\t\t\t\t\t\t\t<figcaption class=\"widget-image-caption wp-caption-text\">Dinner<\/figcaption>\n\t\t\t\t\t\t\t\t\t\t<\/figure>\n\t\t\t\t\t\t\t<\/div>\n\t\t\t\t<\/div>\n\t\t\t\t\t<\/div>\n\t\t<\/div>\n\t\t\t\t<div class=\"elementor-column elementor-col-16 elementor-top-column elementor-element elementor-element-a4dc61a\" data-id=\"a4dc61a\" data-element_type=\"column\">\n\t\t\t<div class=\"elementor-widget-wrap elementor-element-populated\">\n\t\t\t\t\t\t<div class=\"elementor-element elementor-element-c3ef968 elementor-widget elementor-widget-image\" data-id=\"c3ef968\" data-element_type=\"widget\" data-widget_type=\"image.default\">\n\t\t\t\t<div class=\"elementor-widget-container\">\n\t\t\t\t\t\t\t\t\t\t<figure class=\"wp-caption\">\n\t\t\t\t\t\t\t\t\t\t<img loading=\"lazy\" decoding=\"async\" width=\"960\" height=\"640\" src=\"https:\/\/vintageinconcert.de\/wp-content\/uploads\/2023\/01\/ChorBeckhausen-4-1024x683.jpg\" class=\"attachment-large size-large wp-image-195\" alt=\"\" srcset=\"https:\/\/vintageinconcert.de\/wp-content\/uploads\/2023\/01\/ChorBeckhausen-4-1024x683.jpg 1024w, https:\/\/vintageinconcert.de\/wp-content\/uploads\/2023\/01\/ChorBeckhausen-4-scaled-600x400.jpg 600w, https:\/\/vintageinconcert.de\/wp-content\/uploads\/2023\/01\/ChorBeckhausen-4-300x200.jpg 300w, https:\/\/vintageinconcert.de\/wp-content\/uploads\/2023\/01\/ChorBeckhausen-4-768x512.jpg 768w, https:\/\/vintageinconcert.de\/wp-content\/uploads\/2023\/01\/ChorBeckhausen-4-1536x1024.jpg 1536w, https:\/\/vintageinconcert.de\/wp-content\/uploads\/2023\/01\/ChorBeckhausen-4-2048x1365.jpg 2048w, https:\/\/vintageinconcert.de\/wp-content\/uploads\/2023\/01\/ChorBeckhausen-4-1140x760.jpg 1140w\" sizes=\"(max-width: 960px) 100vw, 960px\" \/>\t\t\t\t\t\t\t\t\t\t\t<figcaption class=\"widget-image-caption wp-caption-text\">Rock<\/figcaption>\n\t\t\t\t\t\t\t\t\t\t<\/figure>\n\t\t\t\t\t\t\t<\/div>\n\t\t\t\t<\/div>\n\t\t\t\t<div class=\"elementor-element elementor-element-198ed58 elementor-widget elementor-widget-image\" data-id=\"198ed58\" data-element_type=\"widget\" data-widget_type=\"image.default\">\n\t\t\t\t<div class=\"elementor-widget-container\">\n\t\t\t\t\t\t\t\t\t\t<figure class=\"wp-caption\">\n\t\t\t\t\t\t\t\t\t\t\t<a href=\"https:\/\/www.google.com\/url?sa=t&#038;rct=j&#038;q=&#038;esrc=s&#038;source=web&#038;cd=&#038;cad=rja&#038;uact=8&#038;ved=2ahUKEwjfr9_OnfL8AhUMHewKHVK3A1IQFnoECAgQAQ&#038;url=https%3A%2F%2Fwww.dominique-mercedes.de%2F&#038;usg=AOvVaw3CXhEjFhYWEX6o9Kn4PN6u\">\n\t\t\t\t\t\t\t<img loading=\"lazy\" decoding=\"async\" width=\"960\" height=\"960\" src=\"https:\/\/vintageinconcert.de\/wp-content\/uploads\/2023\/01\/domi.jpg\" class=\"attachment-large size-large wp-image-198\" alt=\"\" srcset=\"https:\/\/vintageinconcert.de\/wp-content\/uploads\/2023\/01\/domi.jpg 960w, https:\/\/vintageinconcert.de\/wp-content\/uploads\/2023\/01\/domi-300x300.jpg 300w, https:\/\/vintageinconcert.de\/wp-content\/uploads\/2023\/01\/domi-100x100.jpg 100w, https:\/\/vintageinconcert.de\/wp-content\/uploads\/2023\/01\/domi-600x600.jpg 600w, https:\/\/vintageinconcert.de\/wp-content\/uploads\/2023\/01\/domi-150x150.jpg 150w, https:\/\/vintageinconcert.de\/wp-content\/uploads\/2023\/01\/domi-768x768.jpg 768w, https:\/\/vintageinconcert.de\/wp-content\/uploads\/2023\/01\/domi-75x75.jpg 75w\" sizes=\"(max-width: 960px) 100vw, 960px\" \/>\t\t\t\t\t\t\t\t<\/a>\n\t\t\t\t\t\t\t\t\t\t\t<figcaption class=\"widget-image-caption wp-caption-text\">Lounge<\/figcaption>\n\t\t\t\t\t\t\t\t\t\t<\/figure>\n\t\t\t\t\t\t\t<\/div>\n\t\t\t\t<\/div>\n\t\t\t\t\t<\/div>\n\t\t<\/div>\n\t\t\t\t<div class=\"elementor-column elementor-col-16 elementor-top-column elementor-element elementor-element-729cf78\" data-id=\"729cf78\" data-element_type=\"column\">\n\t\t\t<div class=\"elementor-widget-wrap elementor-element-populated\">\n\t\t\t\t\t\t<div class=\"elementor-element elementor-element-6a11e0a elementor-widget elementor-widget-image\" data-id=\"6a11e0a\" data-element_type=\"widget\" data-widget_type=\"image.default\">\n\t\t\t\t<div class=\"elementor-widget-container\">\n\t\t\t\t\t\t\t\t\t\t<figure class=\"wp-caption\">\n\t\t\t\t\t\t\t\t\t\t\t<a href=\"https:\/\/www.andreas-gabalier-double-show.de\/\">\n\t\t\t\t\t\t\t<img loading=\"lazy\" decoding=\"async\" width=\"720\" height=\"960\" src=\"https:\/\/vintageinconcert.de\/wp-content\/uploads\/2023\/01\/Dennis-Gabalier.jpg\" class=\"attachment-large size-large wp-image-197\" alt=\"\" srcset=\"https:\/\/vintageinconcert.de\/wp-content\/uploads\/2023\/01\/Dennis-Gabalier.jpg 720w, https:\/\/vintageinconcert.de\/wp-content\/uploads\/2023\/01\/Dennis-Gabalier-600x800.jpg 600w, https:\/\/vintageinconcert.de\/wp-content\/uploads\/2023\/01\/Dennis-Gabalier-225x300.jpg 225w\" sizes=\"(max-width: 720px) 100vw, 720px\" \/>\t\t\t\t\t\t\t\t<\/a>\n\t\t\t\t\t\t\t\t\t\t\t<figcaption class=\"widget-image-caption wp-caption-text\">Andreas Gabalier Double Dennis<\/figcaption>\n\t\t\t\t\t\t\t\t\t\t<\/figure>\n\t\t\t\t\t\t\t<\/div>\n\t\t\t\t<\/div>\n\t\t\t\t\t<\/div>\n\t\t<\/div>\n\t\t\t\t\t<\/div>\n\t\t<\/section>\n\t\t\t\t<\/div>\n\t\t","protected":false},"excerpt":{"rendered":"<p>Wir haben wahrscheinlich so gut wie alles, was ihr braucht. Sendet mir ganz bequem eine unverbindliche Anfrage und ich helfe euch gerne weiter. Ihr k\u00f6nnt auch auf die Bilder klicken und erhaltet weitere Infos. Viel Spa\u00df Schlager Original Cranger Gaudi Buam komplette Liveband Top 40s Party Soul J\u00fcrgen und die Besten Dinner Rock Lounge Andreas Gabalier Double Dennis<\/p>\n","protected":false},"author":1,"featured_media":0,"parent":25,"menu_order":0,"comment_status":"closed","ping_status":"closed","template":"","meta":{"footnotes":""},"class_list":["post-66","page","type-page","status-publish","hentry"],"jetpack_sharing_enabled":true,"_links":{"self":[{"href":"https:\/\/vintageinconcert.de\/index.php?rest_route=\/wp\/v2\/pages\/66"}],"collection":[{"href":"https:\/\/vintageinconcert.de\/index.php?rest_route=\/wp\/v2\/pages"}],"about":[{"href":"https:\/\/vintageinconcert.de\/index.php?rest_route=\/wp\/v2\/types\/page"}],"author":[{"embeddable":true,"href":"https:\/\/vintageinconcert.de\/index.php?rest_route=\/wp\/v2\/users\/1"}],"replies":[{"embeddable":true,"href":"https:\/\/vintageinconcert.de\/index.php?rest_route=%2Fwp%2Fv2%2Fcomments&post=66"}],"version-history":[{"count":35,"href":"https:\/\/vintageinconcert.de\/index.php?rest_route=\/wp\/v2\/pages\/66\/revisions"}],"predecessor-version":[{"id":347,"href":"https:\/\/vintageinconcert.de\/index.php?rest_route=\/wp\/v2\/pages\/66\/revisions\/347"}],"up":[{"embeddable":true,"href":"https:\/\/vintageinconcert.de\/index.php?rest_route=\/wp\/v2\/pages\/25"}],"wp:attachment":[{"href":"https:\/\/vintageinconcert.de\/index.php?rest_route=%2Fwp%2Fv2%2Fmedia&parent=66"}],"curies":[{"name":"wp","href":"https:\/\/api.w.org\/{rel}","templated":true}]}}